{"id":44,"date":"2023-02-26T21:17:22","date_gmt":"2023-02-26T18:17:22","guid":{"rendered":"http:\/\/smart-pro.com.tr\/en\/?page_id=44"},"modified":"2023-03-01T02:57:15","modified_gmt":"2023-02-28T23:57:15","slug":"contact-us","status":"publish","type":"page","link":"https:\/\/smart-pro.com.tr\/en\/contact-us\/","title":{"rendered":"CONTACT US"},"content":{"rendered":"\n<div class=\"row row-collapse row-full-width\"  id=\"row-550162901\">\n\n\r\n\t<div id=\"col-2060599101\" class=\"col small-12 large-12\"  >\r\n\t\t\t\t<div class=\"col-inner\"  >\r\n\t\t\t\r\n\t\t\t\n\n\t<section class=\"section\" id=\"section_1784893201\">\r\n\t\t<div class=\"bg section-bg fill bg-fill  \" >\r\n\r\n\t\t\t\r\n\t\t\t<div class=\"section-bg-overlay absolute fill\"><\/div>\r\n\t\t\t\r\n\r\n\t\t<\/div>\r\n\r\n\t\t\r\n\r\n\t\t<div class=\"section-content relative\">\r\n\t\t\t\n\n<div class=\"row row-collapse align-center\" style=\"max-width:\" id=\"row-1074520304\">\n\n\r\n\t<div id=\"col-1572300892\" class=\"col small-12 large-12\"  >\r\n\t\t\t\t<div class=\"col-inner text-center dark\"  >\r\n\t\t\t\r\n\t\t\t\n\n<h1><span style=\"font-size: 250%;\">Contact<\/span><\/h1>\n<p class=\"lead\"><span style=\"font-size: 120%;\">Send us a message<\/span><\/p>\n\n\t\t<\/div>\r\n\t\t\t\t\n<style>\n#col-1572300892 > .col-inner {\n  padding: 100px 20px 200px 0px;\n}\n@media (min-width:550px) {\n  #col-1572300892 > .col-inner {\n    padding: 100px 0px 200px 0px;\n  }\n}\n<\/style>\n\t<\/div>\r\n\r\n\t\n\n<\/div>\n\n\t\t<\/div>\r\n\r\n\t\t\n<style>\n#section_1784893201 {\n  padding-top: 0px;\n  padding-bottom: 0px;\n  min-height: 0px;\n}\n#section_1784893201 .section-bg-overlay {\n  background-color: rgba(0, 0, 0, 0.12);\n}\n#section_1784893201 .section-bg.bg-loaded {\n  background-image: url(https:\/\/smart-pro.com.tr\/en\/wp-content\/uploads\/sites\/2\/2023\/03\/chris-henry-o3_nfpK4VsA-unsplash-1.jpg);\n}\n#section_1784893201 .section-bg {\n  background-position: 55% 100%;\n}\n#section_1784893201 .ux-shape-divider--top svg {\n  height: 150px;\n  --divider-top-width: 100%;\n}\n#section_1784893201 .ux-shape-divider--bottom svg {\n  height: 150px;\n  --divider-width: 100%;\n}\n@media (min-width:550px) {\n  #section_1784893201 {\n    padding-top: 0px;\n    padding-bottom: 0px;\n  }\n  #section_1784893201 .section-bg-overlay {\n    background-color: rgba(0, 0, 0, 0.21);\n  }\n}\n@media (min-width:850px) {\n  #section_1784893201 {\n    padding-top: 100px;\n    padding-bottom: 100px;\n  }\n  #section_1784893201 .section-bg-overlay {\n    background-color: rgba(0, 0, 0, 0.12);\n  }\n}\n<\/style>\n\t<\/section>\r\n\t\n\n\t\t<\/div>\r\n\t\t\t\t\n<style>\n#col-2060599101 > .col-inner {\n  padding: 0px 30px 0px 30px;\n}\n<\/style>\n\t<\/div>\r\n\r\n\t\n\n<\/div>\n<div class=\"row row-large\" style=\"max-width:1400px\" id=\"row-821089043\">\n\n\r\n\t<div id=\"col-1956690810\" class=\"col small-12 large-12\"  >\r\n\t\t\t\t<div class=\"col-inner\" style=\"background-color:rgb(255, 255, 255);\" >\r\n\t\t\t\r\n\t\t\t\n\n<div class=\"row row-collapse row-full-width\"  id=\"row-940147450\">\n\n\r\n\t<div id=\"col-663095430\" class=\"col medium-12 small-12 large-6\"  >\r\n\t\t\t\t<div class=\"col-inner\"  >\r\n\t\t\t\r\n\t\t\t\n\n<h2><span style=\"font-size: 120%;\">Contact Us<\/span><\/h2>\n<p>\u00a0<\/p>\n\t<div id=\"gap-631859445\" class=\"gap-element clearfix\" style=\"display:block; height:auto;\">\r\n\t\t\n<style>\n#gap-631859445 {\n  padding-top: 20px;\n}\n@media (min-width:550px) {\n  #gap-631859445 {\n    padding-top: 20px;\n  }\n}\n@media (min-width:850px) {\n  #gap-631859445 {\n    padding-top: 30px;\n  }\n}\n<\/style>\n\t<\/div>\r\n\t\n\n<div class=\"row\"  id=\"row-5812458\">\n\n\r\n\t<div id=\"col-295457293\" class=\"col medium-6 small-12 large-6\"  >\r\n\t\t\t\t<div class=\"col-inner\"  >\r\n\t\t\t\r\n\t\t\t\n\n\t<div class=\"img has-hover x md-x lg-x y md-y lg-y\" id=\"image_2125308580\">\r\n\t\t\t\t\t\t\t\t<div class=\"img-inner dark\" >\r\n\t\t\t<img width=\"240\" height=\"240\" src=\"https:\/\/smart-pro.com.tr\/en\/wp-content\/uploads\/sites\/2\/2023\/03\/map-pin-2-fill-2.png\" class=\"attachment-large size-large\" alt=\"\" decoding=\"async\" loading=\"lazy\" srcset=\"https:\/\/smart-pro.com.tr\/en\/wp-content\/uploads\/sites\/2\/2023\/03\/map-pin-2-fill-2.png 240w, https:\/\/smart-pro.com.tr\/en\/wp-content\/uploads\/sites\/2\/2023\/03\/map-pin-2-fill-2-150x150.png 150w\" sizes=\"(max-width: 240px) 100vw, 240px\" \/>\t\t\t\t\t\t\r\n\t\t\t\t\t<\/div>\r\n\t\t\t\t\t\t\t\t\n<style>\n#image_2125308580 {\n  width: 15%;\n}\n@media (min-width:550px) {\n  #image_2125308580 {\n    width: 20%;\n  }\n}\n<\/style>\n\t<\/div>\r\n\t\n\n<h3 class=\"uppercase\">Adres<\/h3>\n<p>Ehlibeyt Mah. <br \/>Tekstilciler Cad. <br \/>No:35 \u0130\u00e7kap\u0131 No:7<br \/>\u00c7ankaya\/ANKARA<\/p>\n\n\t\t<\/div>\r\n\t\t\t\t\t<\/div>\r\n\r\n\t\n\r\n\t<div id=\"col-1794497294\" class=\"col medium-5 small-12 large-6\"  >\r\n\t\t\t\t<div class=\"col-inner\"  >\r\n\t\t\t\r\n\t\t\t\n\n\t<div class=\"img has-hover x md-x lg-x y md-y lg-y\" id=\"image_580135628\">\r\n\t\t\t\t\t\t\t\t<div class=\"img-inner dark\" >\r\n\t\t\t<img width=\"240\" height=\"240\" src=\"https:\/\/smart-pro.com.tr\/en\/wp-content\/uploads\/sites\/2\/2023\/03\/time-fill.png\" class=\"attachment-large size-large\" alt=\"\" decoding=\"async\" loading=\"lazy\" srcset=\"https:\/\/smart-pro.com.tr\/en\/wp-content\/uploads\/sites\/2\/2023\/03\/time-fill.png 240w, https:\/\/smart-pro.com.tr\/en\/wp-content\/uploads\/sites\/2\/2023\/03\/time-fill-150x150.png 150w\" sizes=\"(max-width: 240px) 100vw, 240px\" \/>\t\t\t\t\t\t\r\n\t\t\t\t\t<\/div>\r\n\t\t\t\t\t\t\t\t\n<style>\n#image_580135628 {\n  width: 15%;\n}\n@media (min-width:550px) {\n  #image_580135628 {\n    width: 20%;\n  }\n}\n<\/style>\n\t<\/div>\r\n\t\n\n<h3 class=\"uppercase\">Opening Hours<\/h3>\n<p>Mon to Fri: 09:00 &#8211; 18:00<br \/>Saturday: 09:00 &#8211; 18:00<br \/>Sunday: Closed<\/p>\n\n\t\t<\/div>\r\n\t\t\t\t\t<\/div>\r\n\r\n\t\n\n<\/div>\n<div class=\"row\"  id=\"row-636669388\">\n\n\r\n\t<div id=\"col-393661944\" class=\"col medium-6 small-12 large-6\"  >\r\n\t\t\t\t<div class=\"col-inner\"  >\r\n\t\t\t\r\n\t\t\t\n\n\t<div class=\"img has-hover x md-x lg-x y md-y lg-y\" id=\"image_320220750\">\r\n\t\t\t\t\t\t\t\t<div class=\"img-inner dark\" >\r\n\t\t\t<img width=\"240\" height=\"240\" src=\"https:\/\/smart-pro.com.tr\/en\/wp-content\/uploads\/sites\/2\/2023\/03\/mail-open-fill.png\" class=\"attachment-large size-large\" alt=\"\" decoding=\"async\" loading=\"lazy\" srcset=\"https:\/\/smart-pro.com.tr\/en\/wp-content\/uploads\/sites\/2\/2023\/03\/mail-open-fill.png 240w, https:\/\/smart-pro.com.tr\/en\/wp-content\/uploads\/sites\/2\/2023\/03\/mail-open-fill-150x150.png 150w\" sizes=\"(max-width: 240px) 100vw, 240px\" \/>\t\t\t\t\t\t\r\n\t\t\t\t\t<\/div>\r\n\t\t\t\t\t\t\t\t\n<style>\n#image_320220750 {\n  width: 15%;\n}\n@media (min-width:550px) {\n  #image_320220750 {\n    width: 20%;\n  }\n}\n<\/style>\n\t<\/div>\r\n\t\n\n<h3 class=\"uppercase\">E-mail<\/h3>\n<p>info@smart-pro.com.tr<\/p>\n\n\t\t<\/div>\r\n\t\t\t\t\t<\/div>\r\n\r\n\t\n\r\n\t<div id=\"col-790533428\" class=\"col medium-6 small-12 large-6\"  >\r\n\t\t\t\t<div class=\"col-inner\"  >\r\n\t\t\t\r\n\t\t\t\n\n\t<div class=\"img has-hover x md-x lg-x y md-y lg-y\" id=\"image_259920308\">\r\n\t\t\t\t\t\t\t\t<div class=\"img-inner dark\" >\r\n\t\t\t<img width=\"240\" height=\"240\" src=\"https:\/\/smart-pro.com.tr\/en\/wp-content\/uploads\/sites\/2\/2023\/03\/phone-fill.png\" class=\"attachment-large size-large\" alt=\"\" decoding=\"async\" loading=\"lazy\" srcset=\"https:\/\/smart-pro.com.tr\/en\/wp-content\/uploads\/sites\/2\/2023\/03\/phone-fill.png 240w, https:\/\/smart-pro.com.tr\/en\/wp-content\/uploads\/sites\/2\/2023\/03\/phone-fill-150x150.png 150w\" sizes=\"(max-width: 240px) 100vw, 240px\" \/>\t\t\t\t\t\t\r\n\t\t\t\t\t<\/div>\r\n\t\t\t\t\t\t\t\t\n<style>\n#image_259920308 {\n  width: 15%;\n}\n@media (min-width:550px) {\n  #image_259920308 {\n    width: 20%;\n  }\n}\n<\/style>\n\t<\/div>\r\n\t\n\n<h3 class=\"uppercase\">phone<\/h3>\n<p>0800 123678<\/p>\n\n\t\t<\/div>\r\n\t\t\t\t\t<\/div>\r\n\r\n\t\n\n<\/div>\n\n\t\t<\/div>\r\n\t\t\t\t\n<style>\n#col-663095430 > .col-inner {\n  padding: 0px 0px 0px 20px;\n}\n<\/style>\n\t<\/div>\r\n\r\n\t\n\r\n\t<div id=\"col-1520032014\" class=\"col medium-12 small-12 large-6\"  >\r\n\t\t\t\t<div class=\"col-inner\"  >\r\n\t\t\t\r\n\t\t\t\n\n<h2><span style=\"font-size: 120%;\">Ask a question<\/span><\/h2>\n\t<div id=\"gap-1525313911\" class=\"gap-element clearfix\" style=\"display:block; height:auto;\">\r\n\t\t\n<style>\n#gap-1525313911 {\n  padding-top: 20px;\n}\n@media (min-width:550px) {\n  #gap-1525313911 {\n    padding-top: 20px;\n  }\n}\n@media (min-width:850px) {\n  #gap-1525313911 {\n    padding-top: 30px;\n  }\n}\n<\/style>\n\t<\/div>\r\n\t\n\n\n<div class=\"wpcf7 no-js\" id=\"wpcf7-f91-o1\" lang=\"tr-TR\" dir=\"ltr\">\n<div class=\"screen-reader-response\"><p role=\"status\" aria-live=\"polite\" aria-atomic=\"true\"><\/p> <ul><\/ul><\/div>\n<form action=\"\/en\/wp-json\/wp\/v2\/pages\/44#wpcf7-f91-o1\" method=\"post\" class=\"wpcf7-form init\" aria-label=\"Contact form\" novalidate=\"novalidate\" data-status=\"init\">\n<div style=\"display: none;\">\n<input type=\"hidden\" name=\"_wpcf7\" value=\"91\" \/>\n<input type=\"hidden\" name=\"_wpcf7_version\" value=\"5.7.6\" \/>\n<input type=\"hidden\" name=\"_wpcf7_locale\" value=\"tr_TR\" \/>\n<input type=\"hidden\" name=\"_wpcf7_unit_tag\" value=\"wpcf7-f91-o1\" \/>\n<input type=\"hidden\" name=\"_wpcf7_container_post\" value=\"0\" \/>\n<input type=\"hidden\" name=\"_wpcf7_posted_data_hash\" value=\"\" \/>\n<\/div>\n<p><label> Your name<br \/>\n<span class=\"wpcf7-form-control-wrap\" data-name=\"your-name\"><input size=\"40\" class=\"wpcf7-form-control wpcf7-text wpcf7-validates-as-required\" autocomplete=\"name\" aria-required=\"true\" aria-invalid=\"false\" value=\"\" type=\"text\" name=\"your-name\" \/><\/span> <\/label>\n<\/p>\n<p><label> E-Mail Address<br \/>\n<span class=\"wpcf7-form-control-wrap\" data-name=\"your-email\"><input size=\"40\" class=\"wpcf7-form-control wpcf7-text wpcf7-email wpcf7-validates-as-required wpcf7-validates-as-email\" autocomplete=\"email\" aria-required=\"true\" aria-invalid=\"false\" value=\"\" type=\"email\" name=\"your-email\" \/><\/span> <\/label>\n<\/p>\n<p><label> Subject<br \/>\n<span class=\"wpcf7-form-control-wrap\" data-name=\"your-subject\"><input size=\"40\" class=\"wpcf7-form-control wpcf7-text wpcf7-validates-as-required\" aria-required=\"true\" aria-invalid=\"false\" value=\"\" type=\"text\" name=\"your-subject\" \/><\/span> <\/label>\n<\/p>\n<p><label> Your Message (optional)<br \/>\n<span class=\"wpcf7-form-control-wrap\" data-name=\"your-message\"><textarea cols=\"40\" rows=\"10\" class=\"wpcf7-form-control wpcf7-textarea\" aria-invalid=\"false\" name=\"your-message\"><\/textarea><\/span> <\/label>\n<\/p>\n<p><input class=\"wpcf7-form-control has-spinner wpcf7-submit\" type=\"submit\" value=\"Send\" \/>\n<\/p><div class=\"wpcf7-response-output\" aria-hidden=\"true\"><\/div>\n<\/form>\n<\/div>\n\n\n\t\t<\/div>\r\n\t\t\t\t\t<\/div>\r\n\r\n\t\n\n\n<style>\n#row-940147450 > .col > .col-inner {\n  padding: 0px 15px 0px 15px;\n}\n<\/style>\n<\/div>\n\n\t\t<\/div>\r\n\t\t\t\t\n<style>\n#col-1956690810 > .col-inner {\n  padding: 50px 20px 0px 20px;\n  margin: -0 0px 0px 0px;\n}\n@media (min-width:550px) {\n  #col-1956690810 > .col-inner {\n    padding: 50px 20px 30px 20px;\n    margin: 0 0px 0px 0px;\n  }\n}\n@media (min-width:850px) {\n  #col-1956690810 > .col-inner {\n    padding: 66px 5% 16px 5%;\n    margin: -135px 0px 0px 0px;\n  }\n}\n<\/style>\n\t<\/div>\r\n\r\n\t\n\n<\/div>\n<div class=\"row\"  id=\"row-322839503\">\n\n\r\n\t<div id=\"col-1057224302\" class=\"col small-12 large-12\"  >\r\n\t\t\t\t<div class=\"col-inner\"  >\r\n\t\t\t\r\n\t\t\t\n\n\n\n<iframe src=\"https:\/\/www.google.com\/maps\/embed?pb=!1m18!1m12!1m3!1d3061.378872679251!2d32.8149288!3d39.8881489!2m3!1f0!2f0!3f0!3m2!1i1024!2i768!4f13.1!3m3!1m2!1s0x14d345e4b2c4ce71%3A0xf116b5836276cfd3!2sEhlibeyt%2C%20Tekstilciler%20Cd.%20No%3A35%2C%2006520%20%C3%87ankaya%2FAnkara!5e0!3m2!1str!2str!4v1677626074301!5m2!1str!2str\" width=\"1200\" height=\"450\" style=\"border:0;\" allowfullscreen=\"\" loading=\"lazy\" referrerpolicy=\"no-referrer-when-downgrade\"><\/iframe>\n\n\n\t\t<\/div>\r\n\t\t\t\t\t<\/div>\r\n\r\n\t\n\n<\/div>\n\n","protected":false},"excerpt":{"rendered":"","protected":false},"author":1,"featured_media":0,"parent":0,"menu_order":0,"comment_status":"closed","ping_status":"closed","template":"page-blank.php","meta":[],"_links":{"self":[{"href":"https:\/\/smart-pro.com.tr\/en\/wp-json\/wp\/v2\/pages\/44"}],"collection":[{"href":"https:\/\/smart-pro.com.tr\/en\/wp-json\/wp\/v2\/pages"}],"about":[{"href":"https:\/\/smart-pro.com.tr\/en\/wp-json\/wp\/v2\/types\/page"}],"author":[{"embeddable":true,"href":"https:\/\/smart-pro.com.tr\/en\/wp-json\/wp\/v2\/users\/1"}],"replies":[{"embeddable":true,"href":"https:\/\/smart-pro.com.tr\/en\/wp-json\/wp\/v2\/comments?post=44"}],"version-history":[{"count":6,"href":"https:\/\/smart-pro.com.tr\/en\/wp-json\/wp\/v2\/pages\/44\/revisions"}],"predecessor-version":[{"id":93,"href":"https:\/\/smart-pro.com.tr\/en\/wp-json\/wp\/v2\/pages\/44\/revisions\/93"}],"wp:attachment":[{"href":"https:\/\/smart-pro.com.tr\/en\/wp-json\/wp\/v2\/media?parent=44"}],"curies":[{"name":"wp","href":"https:\/\/api.w.org\/{rel}","templated":true}]}}