{"id":23,"date":"2023-02-26T21:16:11","date_gmt":"2023-02-26T18:16:11","guid":{"rendered":"http:\/\/smart-pro.com.tr\/en\/?page_id=23"},"modified":"2023-03-01T03:03:25","modified_gmt":"2023-03-01T00:03:25","slug":"it-equipment","status":"publish","type":"page","link":"https:\/\/smart-pro.com.tr\/en\/it-equipment\/","title":{"rendered":"IT equipment"},"content":{"rendered":"\n<div class=\"row\"  id=\"row-1652037273\">\n\n\r\n\t<div id=\"col-1479516622\" class=\"col small-12 large-12\"  >\r\n\t\t\t\t<div class=\"col-inner\"  >\r\n\t\t\t\r\n\t\t\t\n\n\t<div class=\"img has-hover x md-x lg-x y md-y lg-y\" id=\"image_482371220\">\r\n\t\t\t\t\t\t\t\t<div class=\"img-inner dark\" >\r\n\t\t\t<img width=\"2560\" height=\"1440\" src=\"https:\/\/smart-pro.com.tr\/en\/wp-content\/uploads\/sites\/2\/2023\/03\/sunucu.jpg\" class=\"attachment-original size-original\" alt=\"\" decoding=\"async\" loading=\"lazy\" srcset=\"https:\/\/smart-pro.com.tr\/en\/wp-content\/uploads\/sites\/2\/2023\/03\/sunucu.jpg 2560w, https:\/\/smart-pro.com.tr\/en\/wp-content\/uploads\/sites\/2\/2023\/03\/sunucu-300x169.jpg 300w, https:\/\/smart-pro.com.tr\/en\/wp-content\/uploads\/sites\/2\/2023\/03\/sunucu-1024x576.jpg 1024w, https:\/\/smart-pro.com.tr\/en\/wp-content\/uploads\/sites\/2\/2023\/03\/sunucu-768x432.jpg 768w, https:\/\/smart-pro.com.tr\/en\/wp-content\/uploads\/sites\/2\/2023\/03\/sunucu-1536x864.jpg 1536w, https:\/\/smart-pro.com.tr\/en\/wp-content\/uploads\/sites\/2\/2023\/03\/sunucu-2048x1152.jpg 2048w\" sizes=\"(max-width: 2560px) 100vw, 2560px\" \/>\t\t\t\t\t\t\r\n\t\t\t\t\t<\/div>\r\n\t\t\t\t\t\t\t\t\n<style>\n#image_482371220 {\n  width: 100%;\n}\n<\/style>\n\t<\/div>\r\n\t\n\n\n\t\t<\/div>\r\n\t\t\t\t\t<\/div>\r\n\r\n\t\n\n<\/div>\n<div class=\"row\"  id=\"row-596815274\">\n\n\r\n\t<div id=\"col-830202746\" class=\"col small-12 large-12\"  >\r\n\t\t\t\t<div class=\"col-inner\"  >\r\n\t\t\t\r\n\t\t\t\n\n<p>Data inputs and outputs of corporate firms may be more intense, unlike other firms. Therefore, first of all, corporate companies should have the necessary server systems. This may be possible in line with a certain IT structure.<\/p>\n<p>The IT structures that corporate companies should have enable the entire business process to be carried out more easily. Businesses that ensure the security of their data, manage data correctly and store them can be one step ahead of their competitors.<\/p>\n<p>Smart Pro M\u00fchendislik Bili\u015fim Ticaret Limited \u015eirketi provides the establishment of the IT infrastructure that will work in accordance with corporate companies. Server and storage systems to be installed by our company allow businesses to control data more easily.<\/p>\n<p>\u00a0<\/p>\n<p><strong><span style=\"color: #000000;\">Why Are Server and Storage Systems Important?<\/span><\/strong><\/p>\n<p>\u00a0<\/p>\n<p>Availability of server and storage systems greatly benefits businesses. These IT structures have many advantages within themselves. These advantages are generally as follows;<\/p>\n<p><strong><span style=\"color: #000000;\">Ensures data security<\/span><\/strong><\/p>\n<p><strong><span style=\"color: #000000;\">Allows data to be stored<\/span><\/strong><\/p>\n<p><strong><span style=\"color: #000000;\">It helps corporate companies to analyze data in a more practical way.<\/span><\/strong><\/p>\n<p><strong><span style=\"color: #000000;\">Businesses can serve faster in online environments<\/span><\/strong><\/p>\n<p><strong><span style=\"color: #000000;\">It helps to come to the fore in the industry more easily.<\/span><\/strong><\/p>\n<p><strong><span style=\"color: #000000;\">Enables the accurate management of critical business processes<\/span><\/strong><\/p>\n<p><strong><span style=\"color: #000000;\">Allows for a more efficient business process within the company<\/span><\/strong><\/p>\n<p>Server and storage systems, which have many advantages, especially the ones above, are established in line with certain IT infrastructures.<br \/>IT Plus Server and Storage Systems Service<br \/>IT Plus Technology Services provides you with support with HP server and storage products. At this point, all your server infrastructure needs are met by our company. It is possible to bring your business to the fore in a shorter time with server and storage system installation services that you can always choose.<\/p>\n<p>\u00a0<\/p>\n<p>IT Equipment<\/p>\n<p>Wall Screens<\/p>\n<p>Servers<\/p>\n<p>Desktop PCs<\/p>\n<p>notebook<\/p>\n<p>Rock Cabins<\/p>\n<p>UPS Systems<\/p>\n<p>Audio systems<\/p>\n<p>Network Systems<\/p>\n\n\t\t<\/div>\r\n\t\t\t\t\t<\/div>\r\n\r\n\t\n\n<\/div>\n\n","protected":false},"excerpt":{"rendered":"","protected":false},"author":1,"featured_media":0,"parent":0,"menu_order":0,"comment_status":"closed","ping_status":"closed","template":"","meta":[],"_links":{"self":[{"href":"https:\/\/smart-pro.com.tr\/en\/wp-json\/wp\/v2\/pages\/23"}],"collection":[{"href":"https:\/\/smart-pro.com.tr\/en\/wp-json\/wp\/v2\/pages"}],"about":[{"href":"https:\/\/smart-pro.com.tr\/en\/wp-json\/wp\/v2\/types\/page"}],"author":[{"embeddable":true,"href":"https:\/\/smart-pro.com.tr\/en\/wp-json\/wp\/v2\/users\/1"}],"replies":[{"embeddable":true,"href":"https:\/\/smart-pro.com.tr\/en\/wp-json\/wp\/v2\/comments?post=23"}],"version-history":[{"count":3,"href":"https:\/\/smart-pro.com.tr\/en\/wp-json\/wp\/v2\/pages\/23\/revisions"}],"predecessor-version":[{"id":95,"href":"https:\/\/smart-pro.com.tr\/en\/wp-json\/wp\/v2\/pages\/23\/revisions\/95"}],"wp:attachment":[{"href":"https:\/\/smart-pro.com.tr\/en\/wp-json\/wp\/v2\/media?parent=23"}],"curies":[{"name":"wp","href":"https:\/\/api.w.org\/{rel}","templated":true}]}}